{"id":16,"date":"2025-12-22T19:56:38","date_gmt":"2025-12-22T19:56:38","guid":{"rendered":"https:\/\/www.ivalonkonevuokraus.fi\/?page_id=16"},"modified":"2025-12-23T09:02:32","modified_gmt":"2025-12-23T09:02:32","slug":"etusivu","status":"publish","type":"page","link":"https:\/\/www.ivalonkonevuokraus.fi\/","title":{"rendered":""},"content":{"rendered":"\n<div class=\"wp-block-cover aligncenter is-light\" style=\"min-height:100vh;aspect-ratio:unset;\"><img loading=\"lazy\" decoding=\"async\" width=\"683\" height=\"1024\" class=\"wp-block-cover__image-background wp-image-12 size-large\" alt=\"\" src=\"https:\/\/www.ivalonkonevuokraus.fi\/wp-content\/uploads\/2025\/12\/ChatGPT-Image-22.12.2025-klo-21.46.21-683x1024.png\" data-object-fit=\"cover\" srcset=\"https:\/\/www.ivalonkonevuokraus.fi\/wp-content\/uploads\/2025\/12\/ChatGPT-Image-22.12.2025-klo-21.46.21-683x1024.png 683w, https:\/\/www.ivalonkonevuokraus.fi\/wp-content\/uploads\/2025\/12\/ChatGPT-Image-22.12.2025-klo-21.46.21-200x300.png 200w, https:\/\/www.ivalonkonevuokraus.fi\/wp-content\/uploads\/2025\/12\/ChatGPT-Image-22.12.2025-klo-21.46.21-768x1152.png 768w, https:\/\/www.ivalonkonevuokraus.fi\/wp-content\/uploads\/2025\/12\/ChatGPT-Image-22.12.2025-klo-21.46.21.png 1024w\" sizes=\"auto, (max-width: 683px) 100vw, 683px\" \/><span aria-hidden=\"true\" class=\"wp-block-cover__background has-background-dim-0 has-background-dim\" style=\"background-color:#888381\"><\/span><div class=\"wp-block-cover__inner-container is-layout-constrained wp-block-cover-is-layout-constrained\">\n<p class=\"has-text-align-center has-ast-global-color-4-color has-text-color has-link-color has-large-font-size wp-elements-86ef8d40e3038b1b31ee1a31c48589c4\"><strong>IVALON KONEVUOKRAUS OY<\/strong><\/p>\n\n\n\n<p><\/p>\n\n\n\n<p><\/p>\n\n\n\n<p class=\"has-ast-global-color-4-color has-text-color has-link-color has-medium-font-size wp-elements-d15f80b8917b19cd8613ad63060970da\"><strong>Nopea ja joustava konevuokraamo Ivalon ja Inarin alueella. Kuljetus mahdollinen.<\/strong><\/p>\n\n\n\n<div class=\"wp-block-buttons is-layout-flex wp-block-buttons-is-layout-flex\"><\/div>\n\n\n\n<div class=\"wp-block-buttons is-layout-flex wp-block-buttons-is-layout-flex\">\n<div class=\"wp-block-button\"><a class=\"wp-block-button__link wp-element-button\" href=\"#yhteys\">OTA YHTEYTT\u00c4<\/a><\/div>\n<\/div>\n<\/div><\/div>\n\n\n\n<p><\/p>\n\n\n\n<p><\/p>\n\n\n\n<h2 class=\"wp-block-heading has-text-align-center\">VUOKRATTAVA KALUSTO<\/h2>\n\n\n\n<div class=\"wp-block-columns is-layout-flex wp-container-core-columns-is-layout-28f84493 wp-block-columns-is-layout-flex\">\n<div class=\"wp-block-column is-layout-flow wp-block-column-is-layout-flow\">\n<figure class=\"wp-block-image size-large\"><img loading=\"lazy\" decoding=\"async\" width=\"683\" height=\"1024\" src=\"https:\/\/www.ivalonkonevuokraus.fi\/wp-content\/uploads\/2025\/12\/ChatGPT-Image-22.12.2025-klo-21.46.21-683x1024.png\" alt=\"\" class=\"wp-image-12\" srcset=\"https:\/\/www.ivalonkonevuokraus.fi\/wp-content\/uploads\/2025\/12\/ChatGPT-Image-22.12.2025-klo-21.46.21-683x1024.png 683w, https:\/\/www.ivalonkonevuokraus.fi\/wp-content\/uploads\/2025\/12\/ChatGPT-Image-22.12.2025-klo-21.46.21-200x300.png 200w, https:\/\/www.ivalonkonevuokraus.fi\/wp-content\/uploads\/2025\/12\/ChatGPT-Image-22.12.2025-klo-21.46.21-768x1152.png 768w, https:\/\/www.ivalonkonevuokraus.fi\/wp-content\/uploads\/2025\/12\/ChatGPT-Image-22.12.2025-klo-21.46.21.png 1024w\" sizes=\"auto, (max-width: 683px) 100vw, 683px\" \/><\/figure>\n\n\n\n<h3 class=\"wp-block-heading has-text-align-center\">Yanmar SV18 minikaivuri<\/h3>\n<\/div>\n\n\n\n<div class=\"wp-block-column is-layout-flow wp-block-column-is-layout-flow\">\n<figure class=\"wp-block-image size-large\"><img loading=\"lazy\" decoding=\"async\" width=\"683\" height=\"1024\" src=\"https:\/\/www.ivalonkonevuokraus.fi\/wp-content\/uploads\/2025\/12\/ChatGPT-Image-22.12.2025-klo-21.46.32-683x1024.png\" alt=\"\" class=\"wp-image-13\" srcset=\"https:\/\/www.ivalonkonevuokraus.fi\/wp-content\/uploads\/2025\/12\/ChatGPT-Image-22.12.2025-klo-21.46.32-683x1024.png 683w, https:\/\/www.ivalonkonevuokraus.fi\/wp-content\/uploads\/2025\/12\/ChatGPT-Image-22.12.2025-klo-21.46.32-200x300.png 200w, https:\/\/www.ivalonkonevuokraus.fi\/wp-content\/uploads\/2025\/12\/ChatGPT-Image-22.12.2025-klo-21.46.32-768x1152.png 768w, https:\/\/www.ivalonkonevuokraus.fi\/wp-content\/uploads\/2025\/12\/ChatGPT-Image-22.12.2025-klo-21.46.32.png 1024w\" sizes=\"auto, (max-width: 683px) 100vw, 683px\" \/><\/figure>\n\n\n\n<h3 class=\"wp-block-heading has-text-align-center\">Avant 420 pienkuormaaja<\/h3>\n<\/div>\n\n\n\n<div class=\"wp-block-column is-layout-flow wp-block-column-is-layout-flow\">\n<figure class=\"wp-block-image size-large\"><img loading=\"lazy\" decoding=\"async\" width=\"683\" height=\"1024\" src=\"https:\/\/www.ivalonkonevuokraus.fi\/wp-content\/uploads\/2025\/12\/ChatGPT-Image-22.12.2025-klo-21.53.24-683x1024.png\" alt=\"\" class=\"wp-image-14\" srcset=\"https:\/\/www.ivalonkonevuokraus.fi\/wp-content\/uploads\/2025\/12\/ChatGPT-Image-22.12.2025-klo-21.53.24-683x1024.png 683w, https:\/\/www.ivalonkonevuokraus.fi\/wp-content\/uploads\/2025\/12\/ChatGPT-Image-22.12.2025-klo-21.53.24-200x300.png 200w, https:\/\/www.ivalonkonevuokraus.fi\/wp-content\/uploads\/2025\/12\/ChatGPT-Image-22.12.2025-klo-21.53.24-768x1152.png 768w, https:\/\/www.ivalonkonevuokraus.fi\/wp-content\/uploads\/2025\/12\/ChatGPT-Image-22.12.2025-klo-21.53.24.png 1024w\" sizes=\"auto, (max-width: 683px) 100vw, 683px\" \/><\/figure>\n\n\n\n<h3 class=\"wp-block-heading has-text-align-center\">Dino henkil\u00f6nostimet<\/h3>\n<\/div>\n<\/div>\n\n\n\n<h2 class=\"wp-block-heading\">PIENTY\u00d6KALUT<\/h2>\n\n\n\n<p>Laaja valikoima ty\u00f6kaluja remonttiin ja rakentamiseen!<\/p>\n\n\n\n<h2 class=\"wp-block-heading\">Miksi valita meid\u00e4t?<\/h2>\n\n\n\n<ul class=\"wp-block-list\">\n<li><strong>Nopea ja joustava palvelu<\/strong><\/li>\n\n\n\n<li><strong>Kuljetus mahdollinen<\/strong><\/li>\n\n\n\n<li><strong>Huollettu ja siisti kalusto<\/strong><\/li>\n\n\n\n<li><strong>Palvelemme yrityksi\u00e4 ja yksityisi\u00e4<\/strong><\/li>\n<\/ul>\n\n\n\n<h2 class=\"wp-block-heading\" id=\"yhteys\">Yhteystiedot<\/h2>\n\n\n\n<p>Puhelin: 040 5796609<br>S\u00e4hk\u00f6posti: ivalonkonevuokraus@gmail.com<\/p>\n\n\n\n<p><\/p>\n\n\n\n<p><\/p>\n","protected":false},"excerpt":{"rendered":"<p>VUOKRATTAVA KALUSTO Yanmar SV18 minikaivuri Avant 420 pienkuormaaja Dino henkil\u00f6nostimet PIENTY\u00d6KALUT Laaja valikoima ty\u00f6kaluja remonttiin ja rakentamiseen! Miksi valita meid\u00e4t? [&hellip;]<\/p>\n","protected":false},"author":1,"featured_media":0,"parent":0,"menu_order":0,"comment_status":"closed","ping_status":"closed","template":"","meta":{"site-sidebar-layout":"default","site-content-layout":"","ast-site-content-layout":"default","site-content-style":"default","site-sidebar-style":"default","ast-global-header-display":"","ast-banner-title-visibility":"","ast-main-header-display":"","ast-hfb-above-header-display":"","ast-hfb-below-header-display":"","ast-hfb-mobile-header-display":"","site-post-title":"disabled","ast-breadcrumbs-content":"","ast-featured-img":"","footer-sml-layout":"","ast-disable-related-posts":"","theme-transparent-header-meta":"","adv-header-id-meta":"","stick-header-meta":"","header-above-stick-meta":"","header-main-stick-meta":"","header-below-stick-meta":"","astra-migrate-meta-layouts":"default","ast-page-background-enabled":"default","ast-page-background-meta":{"desktop":{"background-color":"var(--ast-global-color-5)","background-image":"","background-repeat":"repeat","background-position":"center center","background-size":"auto","background-attachment":"scroll","background-type":"","background-media":"","overlay-type":"","overlay-color":"","overlay-opacity":"","overlay-gradient":""},"tablet":{"background-color":"","background-image":"","background-repeat":"repeat","background-position":"center center","background-size":"auto","background-attachment":"scroll","background-type":"","background-media":"","overlay-type":"","overlay-color":"","overlay-opacity":"","overlay-gradient":""},"mobile":{"background-color":"","background-image":"","background-repeat":"repeat","background-position":"center center","background-size":"auto","background-attachment":"scroll","background-type":"","background-media":"","overlay-type":"","overlay-color":"","overlay-opacity":"","overlay-gradient":""}},"ast-content-background-meta":{"desktop":{"background-color":"var(--ast-global-color-4)","background-image":"","background-repeat":"repeat","background-position":"center center","background-size":"auto","background-attachment":"scroll","background-type":"","background-media":"","overlay-type":"","overlay-color":"","overlay-opacity":"","overlay-gradient":""},"tablet":{"background-color":"var(--ast-global-color-4)","background-image":"","background-repeat":"repeat","background-position":"center center","background-size":"auto","background-attachment":"scroll","background-type":"","background-media":"","overlay-type":"","overlay-color":"","overlay-opacity":"","overlay-gradient":""},"mobile":{"background-color":"var(--ast-global-color-4)","background-image":"","background-repeat":"repeat","background-position":"center center","background-size":"auto","background-attachment":"scroll","background-type":"","background-media":"","overlay-type":"","overlay-color":"","overlay-opacity":"","overlay-gradient":""}},"footnotes":""},"class_list":["post-16","page","type-page","status-publish","hentry"],"_links":{"self":[{"href":"https:\/\/www.ivalonkonevuokraus.fi\/index.php\/wp-json\/wp\/v2\/pages\/16","targetHints":{"allow":["GET"]}}],"collection":[{"href":"https:\/\/www.ivalonkonevuokraus.fi\/index.php\/wp-json\/wp\/v2\/pages"}],"about":[{"href":"https:\/\/www.ivalonkonevuokraus.fi\/index.php\/wp-json\/wp\/v2\/types\/page"}],"author":[{"embeddable":true,"href":"https:\/\/www.ivalonkonevuokraus.fi\/index.php\/wp-json\/wp\/v2\/users\/1"}],"replies":[{"embeddable":true,"href":"https:\/\/www.ivalonkonevuokraus.fi\/index.php\/wp-json\/wp\/v2\/comments?post=16"}],"version-history":[{"count":22,"href":"https:\/\/www.ivalonkonevuokraus.fi\/index.php\/wp-json\/wp\/v2\/pages\/16\/revisions"}],"predecessor-version":[{"id":41,"href":"https:\/\/www.ivalonkonevuokraus.fi\/index.php\/wp-json\/wp\/v2\/pages\/16\/revisions\/41"}],"wp:attachment":[{"href":"https:\/\/www.ivalonkonevuokraus.fi\/index.php\/wp-json\/wp\/v2\/media?parent=16"}],"curies":[{"name":"wp","href":"https:\/\/api.w.org\/{rel}","templated":true}]}}